{"id":11258,"date":"2025-07-08T14:25:33","date_gmt":"2025-07-08T10:25:33","guid":{"rendered":"https:\/\/vacances-lareunion.re\/privacy-policy\/"},"modified":"2026-01-15T08:06:34","modified_gmt":"2026-01-15T04:06:34","slug":"privacy-policy","status":"publish","type":"page","link":"https:\/\/vacances-lareunion.re\/en\/privacy-policy\/","title":{"rendered":"Privacy Policy"},"content":{"rendered":"\t\t<div data-elementor-type=\"wp-post\" data-elementor-id=\"11258\" class=\"elementor elementor-11258 elementor-10481\">\n\t\t\t\t\t\t<section class=\"elementor-section elementor-top-section elementor-element elementor-element-af48b46 elementor-section-stretched elementor-section-boxed elementor-section-height-default elementor-section-height-default\" data-id=\"af48b46\" data-element_type=\"section\" data-settings=\"{&quot;stretch_section&quot;:&quot;section-stretched&quot;}\">\n\t\t\t\t\t\t<div class=\"elementor-container elementor-column-gap-default\">\n\t\t\t\t\t<div class=\"elementor-column elementor-col-100 elementor-top-column elementor-element elementor-element-7025ad2\" data-id=\"7025ad2\" data-element_type=\"column\">\n\t\t\t<div class=\"elementor-widget-wrap elementor-element-populated\">\n\t\t\t\t\t\t<div class=\"elementor-element elementor-element-32373fb elementor-widget elementor-widget-thim-ekits-heading\" data-id=\"32373fb\" data-element_type=\"widget\" data-widget_type=\"thim-ekits-heading.default\">\n\t\t\t\t<div class=\"elementor-widget-container\">\n\t\t\t\t\t<div class=\"thim-ekits-heading thim-ekit__heading\"><h1 class=\"title\">PRIVACY POLICY<\/h1><\/div>\t\t\t\t<\/div>\n\t\t\t\t<\/div>\n\t\t\t\t<div class=\"elementor-element elementor-element-0d83d65 elementor-widget elementor-widget-spacer\" data-id=\"0d83d65\" data-element_type=\"widget\" data-widget_type=\"spacer.default\">\n\t\t\t\t<div class=\"elementor-widget-container\">\n\t\t\t\t\t\t\t<div class=\"elementor-spacer\">\n\t\t\t<div class=\"elementor-spacer-inner\"><\/div>\n\t\t<\/div>\n\t\t\t\t\t\t<\/div>\n\t\t\t\t<\/div>\n\t\t\t\t\t<\/div>\n\t\t<\/div>\n\t\t\t\t\t<\/div>\n\t\t<\/section>\n\t\t\t\t<section class=\"elementor-section elementor-top-section elementor-element elementor-element-6418270 elementor-section-stretched elementor-section-boxed elementor-section-height-default elementor-section-height-default\" data-id=\"6418270\" data-element_type=\"section\" data-settings=\"{&quot;stretch_section&quot;:&quot;section-stretched&quot;}\">\n\t\t\t\t\t\t<div class=\"elementor-container elementor-column-gap-default\">\n\t\t\t\t\t<div class=\"elementor-column elementor-col-100 elementor-top-column elementor-element elementor-element-03808cb\" data-id=\"03808cb\" data-element_type=\"column\">\n\t\t\t<div class=\"elementor-widget-wrap elementor-element-populated\">\n\t\t\t\t\t\t<div class=\"elementor-element elementor-element-f9a9a9d elementor-widget elementor-widget-thim-ekits-heading\" data-id=\"f9a9a9d\" data-element_type=\"widget\" data-widget_type=\"thim-ekits-heading.default\">\n\t\t\t\t<div class=\"elementor-widget-container\">\n\t\t\t\t\t<div class=\"thim-ekits-heading thim-ekit__heading\"><h2 class=\"title\">Who we are<\/h2><\/div>\t\t\t\t<\/div>\n\t\t\t\t<\/div>\n\t\t\t\t<div class=\"elementor-element elementor-element-b24bb5a elementor-widget elementor-widget-text-editor\" data-id=\"b24bb5a\" data-element_type=\"widget\" data-widget_type=\"text-editor.default\">\n\t\t\t\t<div class=\"elementor-widget-container\">\n\t\t\t\t\t\t\t\t\t<p><span style=\"font-weight: 400;\">  Our website address is: https: <strong>\/\/vacances-lareunion.re\/.<\/strong><\/span><\/p>\t\t\t\t\t\t\t\t<\/div>\n\t\t\t\t<\/div>\n\t\t\t\t<div class=\"elementor-element elementor-element-5f27be0 elementor-widget elementor-widget-thim-ekits-heading\" data-id=\"5f27be0\" data-element_type=\"widget\" data-widget_type=\"thim-ekits-heading.default\">\n\t\t\t\t<div class=\"elementor-widget-container\">\n\t\t\t\t\t<div class=\"thim-ekits-heading thim-ekit__heading\"><h2 class=\"title\">Comments<\/h2><\/div>\t\t\t\t<\/div>\n\t\t\t\t<\/div>\n\t\t\t\t<div class=\"elementor-element elementor-element-616dce5 elementor-widget elementor-widget-text-editor\" data-id=\"616dce5\" data-element_type=\"widget\" data-widget_type=\"text-editor.default\">\n\t\t\t\t<div class=\"elementor-widget-container\">\n\t\t\t\t\t\t\t\t\t<p><span style=\"font-weight: 400;\">When you leave a comment on our site, the data entered in the comment form, as well as your IP address and your browser&#8217;s user agent, are collected to help us detect undesirable comments.<\/span><\/p><p><span style=\"font-weight: 400;\">An anonymized string created from your e-mail address (also known as a hash) may be sent to the Gravatar service to verify your use of the service. Gravatar&#8217;s privacy policy is available here: https:\/\/automattic.com\/privacy\/. Once your comment has been validated, your profile photo will be publicly visible alongside your comment. <\/span><\/p>\t\t\t\t\t\t\t\t<\/div>\n\t\t\t\t<\/div>\n\t\t\t\t\t<\/div>\n\t\t<\/div>\n\t\t\t\t\t<\/div>\n\t\t<\/section>\n\t\t\t\t<section class=\"elementor-section elementor-top-section elementor-element elementor-element-1825745 elementor-section-stretched elementor-section-boxed elementor-section-height-default elementor-section-height-default\" data-id=\"1825745\" data-element_type=\"section\" data-settings=\"{&quot;stretch_section&quot;:&quot;section-stretched&quot;}\">\n\t\t\t\t\t\t<div class=\"elementor-container elementor-column-gap-default\">\n\t\t\t\t\t<div class=\"elementor-column elementor-col-100 elementor-top-column elementor-element elementor-element-df217ed\" data-id=\"df217ed\" data-element_type=\"column\">\n\t\t\t<div class=\"elementor-widget-wrap elementor-element-populated\">\n\t\t\t\t\t\t<div class=\"elementor-element elementor-element-e4a8d24 elementor-widget elementor-widget-thim-ekits-heading\" data-id=\"e4a8d24\" data-element_type=\"widget\" data-widget_type=\"thim-ekits-heading.default\">\n\t\t\t\t<div class=\"elementor-widget-container\">\n\t\t\t\t\t<div class=\"thim-ekits-heading thim-ekit__heading\"><h2 class=\"title\">Media<\/h2><\/div>\t\t\t\t<\/div>\n\t\t\t\t<\/div>\n\t\t\t\t<div class=\"elementor-element elementor-element-51a0a4d elementor-widget elementor-widget-text-editor\" data-id=\"51a0a4d\" data-element_type=\"widget\" data-widget_type=\"text-editor.default\">\n\t\t\t\t<div class=\"elementor-widget-container\">\n\t\t\t\t\t\t\t\t\t<p><span style=\"font-weight: 400;\">If you upload images to the site, we advise you to avoid uploading images containing EXIF data of GPS coordinates. People visiting your site may download and extract location data from these images. <\/span><\/p>\t\t\t\t\t\t\t\t<\/div>\n\t\t\t\t<\/div>\n\t\t\t\t<div class=\"elementor-element elementor-element-f74c968 elementor-widget elementor-widget-thim-ekits-heading\" data-id=\"f74c968\" data-element_type=\"widget\" data-widget_type=\"thim-ekits-heading.default\">\n\t\t\t\t<div class=\"elementor-widget-container\">\n\t\t\t\t\t<div class=\"thim-ekits-heading thim-ekit__heading\"><h2 class=\"title\">Cookies<\/h2><\/div>\t\t\t\t<\/div>\n\t\t\t\t<\/div>\n\t\t\t\t<div class=\"elementor-element elementor-element-bc0a5a3 elementor-widget elementor-widget-text-editor\" data-id=\"bc0a5a3\" data-element_type=\"widget\" data-widget_type=\"text-editor.default\">\n\t\t\t\t<div class=\"elementor-widget-container\">\n\t\t\t\t\t\t\t\t\t<p class=\"p1\">When you post a comment on our site, we offer to save your name, e-mail address and website in cookies. We use these cookies only for your convenience, so that you don&#8217;t have to re-enter this information the next time you post a comment. These cookies expire after one year.  <\/p><p class=\"p1\">When you access the login page, we create a temporary cookie to check whether your browser accepts cookies. This cookie contains no personal data. We automatically delete it when you close your browser.  <\/p><p class=\"p1\">If you log in, we set several cookies to store your login information and screen preferences. A login cookie expires after two days. A cookie related to screen options expires after one year. If you check &#8220;Remember me&#8221;, we store your login cookie for two weeks. When you log out, we delete the login cookie.    <\/p><p class=\"p1\">Finally, when you modify or publish a publication, we save an additional cookie in your browser. This cookie contains no personal data. It only indicates the ID of the modified publication. It expires after one day.   <\/p>\t\t\t\t\t\t\t\t<\/div>\n\t\t\t\t<\/div>\n\t\t\t\t\t<\/div>\n\t\t<\/div>\n\t\t\t\t\t<\/div>\n\t\t<\/section>\n\t\t\t\t<section class=\"elementor-section elementor-top-section elementor-element elementor-element-3a881a5 elementor-section-stretched elementor-section-boxed elementor-section-height-default elementor-section-height-default\" data-id=\"3a881a5\" data-element_type=\"section\" data-settings=\"{&quot;stretch_section&quot;:&quot;section-stretched&quot;}\">\n\t\t\t\t\t\t<div class=\"elementor-container elementor-column-gap-default\">\n\t\t\t\t\t<div class=\"elementor-column elementor-col-100 elementor-top-column elementor-element elementor-element-ccfe2b8\" data-id=\"ccfe2b8\" data-element_type=\"column\">\n\t\t\t<div class=\"elementor-widget-wrap elementor-element-populated\">\n\t\t\t\t\t\t<div class=\"elementor-element elementor-element-d88a0e5 elementor-widget elementor-widget-thim-ekits-heading\" data-id=\"d88a0e5\" data-element_type=\"widget\" data-widget_type=\"thim-ekits-heading.default\">\n\t\t\t\t<div class=\"elementor-widget-container\">\n\t\t\t\t\t<div class=\"thim-ekits-heading thim-ekit__heading\"><h2 class=\"title\">Embedded content from other sites<\/h2><\/div>\t\t\t\t<\/div>\n\t\t\t\t<\/div>\n\t\t\t\t<div class=\"elementor-element elementor-element-50e6de8 elementor-widget elementor-widget-text-editor\" data-id=\"50e6de8\" data-element_type=\"widget\" data-widget_type=\"text-editor.default\">\n\t\t\t\t<div class=\"elementor-widget-container\">\n\t\t\t\t\t\t\t\t\t<p><span style=\"font-weight: 400;\">Articles on this site may include embedded content (e.g. videos, images, articles, etc.). Embedded content from other sites behaves in the same way as if the visitor were visiting that other site. <\/span><\/p><p><span style=\"font-weight: 400;\">These websites may collect data about you, use cookies, embed third-party tracking tools, track your interactions with these embedded contents if you have a logged-in account on their website.<\/span><\/p>\t\t\t\t\t\t\t\t<\/div>\n\t\t\t\t<\/div>\n\t\t\t\t<div class=\"elementor-element elementor-element-a6917d2 elementor-widget elementor-widget-thim-ekits-heading\" data-id=\"a6917d2\" data-element_type=\"widget\" data-widget_type=\"thim-ekits-heading.default\">\n\t\t\t\t<div class=\"elementor-widget-container\">\n\t\t\t\t\t<div class=\"thim-ekits-heading thim-ekit__heading\"><h2 class=\"title\">Use and transmission of your personal data<\/h2><\/div>\t\t\t\t<\/div>\n\t\t\t\t<\/div>\n\t\t\t\t<div class=\"elementor-element elementor-element-1e16613 elementor-widget elementor-widget-text-editor\" data-id=\"1e16613\" data-element_type=\"widget\" data-widget_type=\"text-editor.default\">\n\t\t\t\t<div class=\"elementor-widget-container\">\n\t\t\t\t\t\t\t\t\t<p><span style=\"font-weight: 400;\">If you request a password reset, your IP address will be included in the reset e-mail.<\/span><\/p>\t\t\t\t\t\t\t\t<\/div>\n\t\t\t\t<\/div>\n\t\t\t\t\t<\/div>\n\t\t<\/div>\n\t\t\t\t\t<\/div>\n\t\t<\/section>\n\t\t\t\t<section class=\"elementor-section elementor-top-section elementor-element elementor-element-f1ddd03 elementor-section-stretched elementor-section-boxed elementor-section-height-default elementor-section-height-default\" data-id=\"f1ddd03\" data-element_type=\"section\" data-settings=\"{&quot;stretch_section&quot;:&quot;section-stretched&quot;}\">\n\t\t\t\t\t\t<div class=\"elementor-container elementor-column-gap-default\">\n\t\t\t\t\t<div class=\"elementor-column elementor-col-100 elementor-top-column elementor-element elementor-element-d5b0e5f\" data-id=\"d5b0e5f\" data-element_type=\"column\">\n\t\t\t<div class=\"elementor-widget-wrap elementor-element-populated\">\n\t\t\t\t\t\t<div class=\"elementor-element elementor-element-cfcc41d elementor-widget elementor-widget-thim-ekits-heading\" data-id=\"cfcc41d\" data-element_type=\"widget\" data-widget_type=\"thim-ekits-heading.default\">\n\t\t\t\t<div class=\"elementor-widget-container\">\n\t\t\t\t\t<div class=\"thim-ekits-heading thim-ekit__heading\"><h2 class=\"title\">Data storage periods<\/h2><\/div>\t\t\t\t<\/div>\n\t\t\t\t<\/div>\n\t\t\t\t<div class=\"elementor-element elementor-element-ef8171e elementor-widget elementor-widget-text-editor\" data-id=\"ef8171e\" data-element_type=\"widget\" data-widget_type=\"text-editor.default\">\n\t\t\t\t<div class=\"elementor-widget-container\">\n\t\t\t\t\t\t\t\t\t<p><span style=\"font-weight: 400;\">If you leave a comment, the comment and its metadata are retained indefinitely. This makes it possible to automatically recognize and approve subsequent comments, rather than leaving them in the moderation queue. <\/span><\/p><p><span style=\"font-weight: 400;\">For accounts that register on our site (where applicable), we also store the personal data indicated in their profile. All accounts can view, modify or delete their personal information at any time (with the exception of their login). Site managers can also view and modify this information.  <\/span><\/p>\t\t\t\t\t\t\t\t<\/div>\n\t\t\t\t<\/div>\n\t\t\t\t<div class=\"elementor-element elementor-element-7ba5f8b elementor-widget elementor-widget-thim-ekits-heading\" data-id=\"7ba5f8b\" data-element_type=\"widget\" data-widget_type=\"thim-ekits-heading.default\">\n\t\t\t\t<div class=\"elementor-widget-container\">\n\t\t\t\t\t<div class=\"thim-ekits-heading thim-ekit__heading\"><h2 class=\"title\">The rights you have over your data<\/h2><\/div>\t\t\t\t<\/div>\n\t\t\t\t<\/div>\n\t\t\t\t<div class=\"elementor-element elementor-element-8a41283 elementor-widget elementor-widget-text-editor\" data-id=\"8a41283\" data-element_type=\"widget\" data-widget_type=\"text-editor.default\">\n\t\t\t\t<div class=\"elementor-widget-container\">\n\t\t\t\t\t\t\t\t\t<p><span style=\"font-weight: 400;\">If you have an account or if you have left comments on the site, you may request to receive a file containing all the personal data we hold about you, including that which you have provided to us. You can also request the deletion of your personal data. This does not include data stored for administrative, legal or security purposes.  <\/span><\/p>\t\t\t\t\t\t\t\t<\/div>\n\t\t\t\t<\/div>\n\t\t\t\t\t<\/div>\n\t\t<\/div>\n\t\t\t\t\t<\/div>\n\t\t<\/section>\n\t\t\t\t<section class=\"elementor-section elementor-top-section elementor-element elementor-element-1f8d869 elementor-section-stretched elementor-section-boxed elementor-section-height-default elementor-section-height-default\" data-id=\"1f8d869\" data-element_type=\"section\" data-settings=\"{&quot;stretch_section&quot;:&quot;section-stretched&quot;}\">\n\t\t\t\t\t\t<div class=\"elementor-container elementor-column-gap-default\">\n\t\t\t\t\t<div class=\"elementor-column elementor-col-100 elementor-top-column elementor-element elementor-element-092c379\" data-id=\"092c379\" data-element_type=\"column\">\n\t\t\t<div class=\"elementor-widget-wrap elementor-element-populated\">\n\t\t\t\t\t\t<div class=\"elementor-element elementor-element-76f13cc elementor-widget elementor-widget-thim-ekits-heading\" data-id=\"76f13cc\" data-element_type=\"widget\" data-widget_type=\"thim-ekits-heading.default\">\n\t\t\t\t<div class=\"elementor-widget-container\">\n\t\t\t\t\t<div class=\"thim-ekits-heading thim-ekit__heading\"><h2 class=\"title\">Where your data is sent<\/h2><\/div>\t\t\t\t<\/div>\n\t\t\t\t<\/div>\n\t\t\t\t<div class=\"elementor-element elementor-element-3c54848 elementor-widget elementor-widget-text-editor\" data-id=\"3c54848\" data-element_type=\"widget\" data-widget_type=\"text-editor.default\">\n\t\t\t\t<div class=\"elementor-widget-container\">\n\t\t\t\t\t\t\t\t\t<p><span style=\"font-weight: 400;\">Visitor comments can be checked using an automated spam detection service.<\/span><\/p>\t\t\t\t\t\t\t\t<\/div>\n\t\t\t\t<\/div>\n\t\t\t\t\t<\/div>\n\t\t<\/div>\n\t\t\t\t\t<\/div>\n\t\t<\/section>\n\t\t\t\t<\/div>\n\t\t","protected":false},"excerpt":{"rendered":"<p>PRIVACY POLICY Who we are Our website address is: https: \/\/vacances-lareunion.re\/. Comments When you leave a comment on our site, the data entered in the comment form, as well as your IP address and your browser&#8217;s user agent, are collected to help us detect undesirable comments. An anonymized string created&#8230;<\/p>\n","protected":false},"author":2,"featured_media":0,"parent":0,"menu_order":0,"comment_status":"closed","ping_status":"closed","template":"","meta":{"footnotes":""},"class_list":["post-11258","page","type-page","status-publish","hentry"],"yoast_head":"<!-- This site is optimized with the Yoast SEO plugin v25.4 - https:\/\/yoast.com\/wordpress\/plugins\/seo\/ -->\n<title>Privacy Policy - Locations Vacances \u00e0 la R\u00e9union By Piment Corail<\/title>\n<meta name=\"description\" content=\"Find out more about our privacy policy, cookie management and use of personal data.\" \/>\n<meta name=\"robots\" content=\"index, follow, max-snippet:-1, max-image-preview:large, max-video-preview:-1\" \/>\n<link rel=\"canonical\" href=\"https:\/\/vacances-lareunion.re\/en\/privacy-policy\/\" \/>\n<meta property=\"og:locale\" content=\"en_US\" \/>\n<meta property=\"og:type\" content=\"article\" \/>\n<meta property=\"og:title\" content=\"Privacy Policy - Locations Vacances \u00e0 la R\u00e9union By Piment Corail\" \/>\n<meta property=\"og:description\" content=\"Find out more about our privacy policy, cookie management and use of personal data.\" \/>\n<meta property=\"og:url\" content=\"https:\/\/vacances-lareunion.re\/en\/privacy-policy\/\" \/>\n<meta property=\"og:site_name\" content=\"Locations Vacances \u00e0 la R\u00e9union By Piment Corail\" \/>\n<meta property=\"article:publisher\" content=\"https:\/\/www.facebook.com\/dinamokarun974\" \/>\n<meta property=\"article:modified_time\" content=\"2026-01-15T04:06:34+00:00\" \/>\n<meta property=\"og:image\" content=\"https:\/\/vacances-lareunion.re\/wp-content\/uploads\/2016\/10\/piment-corail-logo-vacances-la-reunion.png\" \/>\n\t<meta property=\"og:image:width\" content=\"512\" \/>\n\t<meta property=\"og:image:height\" content=\"512\" \/>\n\t<meta property=\"og:image:type\" content=\"image\/png\" \/>\n<meta name=\"twitter:card\" content=\"summary_large_image\" \/>\n<meta name=\"twitter:label1\" content=\"Est. reading time\" \/>\n\t<meta name=\"twitter:data1\" content=\"3 minutes\" \/>\n<script type=\"application\/ld+json\" class=\"yoast-schema-graph\">{\"@context\":\"https:\/\/schema.org\",\"@graph\":[{\"@type\":\"WebPage\",\"@id\":\"https:\/\/vacances-lareunion.re\/en\/privacy-policy\/\",\"url\":\"https:\/\/vacances-lareunion.re\/en\/privacy-policy\/\",\"name\":\"Privacy Policy - Locations Vacances \u00e0 la R\u00e9union By Piment Corail\",\"isPartOf\":{\"@id\":\"https:\/\/vacances-lareunion.re\/#website\"},\"datePublished\":\"2025-07-08T10:25:33+00:00\",\"dateModified\":\"2026-01-15T04:06:34+00:00\",\"description\":\"Find out more about our privacy policy, cookie management and use of personal data.\",\"breadcrumb\":{\"@id\":\"https:\/\/vacances-lareunion.re\/en\/privacy-policy\/#breadcrumb\"},\"inLanguage\":\"en-US\",\"potentialAction\":[{\"@type\":\"ReadAction\",\"target\":[\"https:\/\/vacances-lareunion.re\/en\/privacy-policy\/\"]}]},{\"@type\":\"BreadcrumbList\",\"@id\":\"https:\/\/vacances-lareunion.re\/en\/privacy-policy\/#breadcrumb\",\"itemListElement\":[{\"@type\":\"ListItem\",\"position\":1,\"name\":\"Home\",\"item\":\"https:\/\/vacances-lareunion.re\/en\/welcome-to-piment-corail\/\"},{\"@type\":\"ListItem\",\"position\":2,\"name\":\"Privacy Policy\"}]},{\"@type\":\"WebSite\",\"@id\":\"https:\/\/vacances-lareunion.re\/#website\",\"url\":\"https:\/\/vacances-lareunion.re\/\",\"name\":\"Locations Vacances \u00e0 la R\u00e9union By Piment Corail\",\"description\":\"Vos ocations de vacances \u00e0 La R\u00e9union \u2013 R\u00e9servez facilement nos h\u00e9bergements tout \u00e9quip\u00e9s\",\"publisher\":{\"@id\":\"https:\/\/vacances-lareunion.re\/#organization\"},\"alternateName\":\"Piment Corail\",\"potentialAction\":[{\"@type\":\"SearchAction\",\"target\":{\"@type\":\"EntryPoint\",\"urlTemplate\":\"https:\/\/vacances-lareunion.re\/?s={search_term_string}\"},\"query-input\":{\"@type\":\"PropertyValueSpecification\",\"valueRequired\":true,\"valueName\":\"search_term_string\"}}],\"inLanguage\":\"en-US\"},{\"@type\":\"Organization\",\"@id\":\"https:\/\/vacances-lareunion.re\/#organization\",\"name\":\"Locations de vacances \u00e0 La R\u00e9union by Piment Corail\",\"alternateName\":\"Piment Corail\",\"url\":\"https:\/\/vacances-lareunion.re\/\",\"logo\":{\"@type\":\"ImageObject\",\"inLanguage\":\"en-US\",\"@id\":\"https:\/\/vacances-lareunion.re\/#\/schema\/logo\/image\/\",\"url\":\"https:\/\/vacances-lareunion.re\/wp-content\/uploads\/2016\/10\/piment-corail-logo-vacances-la-reunion.png\",\"contentUrl\":\"https:\/\/vacances-lareunion.re\/wp-content\/uploads\/2016\/10\/piment-corail-logo-vacances-la-reunion.png\",\"width\":512,\"height\":512,\"caption\":\"Locations de vacances \u00e0 La R\u00e9union by Piment Corail\"},\"image\":{\"@id\":\"https:\/\/vacances-lareunion.re\/#\/schema\/logo\/image\/\"},\"sameAs\":[\"https:\/\/www.facebook.com\/dinamokarun974\"]}]}<\/script>\n<!-- \/ Yoast SEO plugin. -->","yoast_head_json":{"title":"Privacy Policy - Locations Vacances \u00e0 la R\u00e9union By Piment Corail","description":"Find out more about our privacy policy, cookie management and use of personal data.","robots":{"index":"index","follow":"follow","max-snippet":"max-snippet:-1","max-image-preview":"max-image-preview:large","max-video-preview":"max-video-preview:-1"},"canonical":"https:\/\/vacances-lareunion.re\/en\/privacy-policy\/","og_locale":"en_US","og_type":"article","og_title":"Privacy Policy - Locations Vacances \u00e0 la R\u00e9union By Piment Corail","og_description":"Find out more about our privacy policy, cookie management and use of personal data.","og_url":"https:\/\/vacances-lareunion.re\/en\/privacy-policy\/","og_site_name":"Locations Vacances \u00e0 la R\u00e9union By Piment Corail","article_publisher":"https:\/\/www.facebook.com\/dinamokarun974","article_modified_time":"2026-01-15T04:06:34+00:00","og_image":[{"width":512,"height":512,"url":"https:\/\/vacances-lareunion.re\/wp-content\/uploads\/2016\/10\/piment-corail-logo-vacances-la-reunion.png","type":"image\/png"}],"twitter_card":"summary_large_image","twitter_misc":{"Est. reading time":"3 minutes"},"schema":{"@context":"https:\/\/schema.org","@graph":[{"@type":"WebPage","@id":"https:\/\/vacances-lareunion.re\/en\/privacy-policy\/","url":"https:\/\/vacances-lareunion.re\/en\/privacy-policy\/","name":"Privacy Policy - Locations Vacances \u00e0 la R\u00e9union By Piment Corail","isPartOf":{"@id":"https:\/\/vacances-lareunion.re\/#website"},"datePublished":"2025-07-08T10:25:33+00:00","dateModified":"2026-01-15T04:06:34+00:00","description":"Find out more about our privacy policy, cookie management and use of personal data.","breadcrumb":{"@id":"https:\/\/vacances-lareunion.re\/en\/privacy-policy\/#breadcrumb"},"inLanguage":"en-US","potentialAction":[{"@type":"ReadAction","target":["https:\/\/vacances-lareunion.re\/en\/privacy-policy\/"]}]},{"@type":"BreadcrumbList","@id":"https:\/\/vacances-lareunion.re\/en\/privacy-policy\/#breadcrumb","itemListElement":[{"@type":"ListItem","position":1,"name":"Home","item":"https:\/\/vacances-lareunion.re\/en\/welcome-to-piment-corail\/"},{"@type":"ListItem","position":2,"name":"Privacy Policy"}]},{"@type":"WebSite","@id":"https:\/\/vacances-lareunion.re\/#website","url":"https:\/\/vacances-lareunion.re\/","name":"Locations Vacances \u00e0 la R\u00e9union By Piment Corail","description":"Vos ocations de vacances \u00e0 La R\u00e9union \u2013 R\u00e9servez facilement nos h\u00e9bergements tout \u00e9quip\u00e9s","publisher":{"@id":"https:\/\/vacances-lareunion.re\/#organization"},"alternateName":"Piment Corail","potentialAction":[{"@type":"SearchAction","target":{"@type":"EntryPoint","urlTemplate":"https:\/\/vacances-lareunion.re\/?s={search_term_string}"},"query-input":{"@type":"PropertyValueSpecification","valueRequired":true,"valueName":"search_term_string"}}],"inLanguage":"en-US"},{"@type":"Organization","@id":"https:\/\/vacances-lareunion.re\/#organization","name":"Locations de vacances \u00e0 La R\u00e9union by Piment Corail","alternateName":"Piment Corail","url":"https:\/\/vacances-lareunion.re\/","logo":{"@type":"ImageObject","inLanguage":"en-US","@id":"https:\/\/vacances-lareunion.re\/#\/schema\/logo\/image\/","url":"https:\/\/vacances-lareunion.re\/wp-content\/uploads\/2016\/10\/piment-corail-logo-vacances-la-reunion.png","contentUrl":"https:\/\/vacances-lareunion.re\/wp-content\/uploads\/2016\/10\/piment-corail-logo-vacances-la-reunion.png","width":512,"height":512,"caption":"Locations de vacances \u00e0 La R\u00e9union by Piment Corail"},"image":{"@id":"https:\/\/vacances-lareunion.re\/#\/schema\/logo\/image\/"},"sameAs":["https:\/\/www.facebook.com\/dinamokarun974"]}]}},"_links":{"self":[{"href":"https:\/\/vacances-lareunion.re\/en\/wp-json\/wp\/v2\/pages\/11258","targetHints":{"allow":["GET"]}}],"collection":[{"href":"https:\/\/vacances-lareunion.re\/en\/wp-json\/wp\/v2\/pages"}],"about":[{"href":"https:\/\/vacances-lareunion.re\/en\/wp-json\/wp\/v2\/types\/page"}],"author":[{"embeddable":true,"href":"https:\/\/vacances-lareunion.re\/en\/wp-json\/wp\/v2\/users\/2"}],"replies":[{"embeddable":true,"href":"https:\/\/vacances-lareunion.re\/en\/wp-json\/wp\/v2\/comments?post=11258"}],"version-history":[{"count":4,"href":"https:\/\/vacances-lareunion.re\/en\/wp-json\/wp\/v2\/pages\/11258\/revisions"}],"predecessor-version":[{"id":12293,"href":"https:\/\/vacances-lareunion.re\/en\/wp-json\/wp\/v2\/pages\/11258\/revisions\/12293"}],"wp:attachment":[{"href":"https:\/\/vacances-lareunion.re\/en\/wp-json\/wp\/v2\/media?parent=11258"}],"curies":[{"name":"wp","href":"https:\/\/api.w.org\/{rel}","templated":true}]}}