{"id":12403,"date":"2019-06-08T14:40:22","date_gmt":"2019-06-08T10:40:22","guid":{"rendered":"https:\/\/vacances-lareunion.re\/?page_id=12403"},"modified":"2026-01-25T15:14:54","modified_gmt":"2026-01-25T11:14:54","slug":"contact","status":"publish","type":"page","link":"https:\/\/vacances-lareunion.re\/en\/contact\/","title":{"rendered":"Contact"},"content":{"rendered":"\t\t<div data-elementor-type=\"wp-post\" data-elementor-id=\"12403\" class=\"elementor elementor-12403 elementor-3863\">\n\t\t\t\t\t\t<section class=\"elementor-section elementor-top-section elementor-element elementor-element-4f22182 elementor-section-stretched elementor-section-full_width elementor-section-height-default elementor-section-height-default\" data-id=\"4f22182\" data-element_type=\"section\" data-settings=\"{&quot;stretch_section&quot;:&quot;section-stretched&quot;}\">\n\t\t\t\t\t\t<div class=\"elementor-container elementor-column-gap-default\">\n\t\t\t\t\t<div class=\"elementor-column elementor-col-100 elementor-top-column elementor-element elementor-element-30bf163\" data-id=\"30bf163\" data-element_type=\"column\">\n\t\t\t<div class=\"elementor-widget-wrap elementor-element-populated\">\n\t\t\t\t\t\t<div class=\"elementor-element elementor-element-09496ce elementor-widget elementor-widget-spacer\" data-id=\"09496ce\" data-element_type=\"widget\" data-widget_type=\"spacer.default\">\n\t\t\t\t<div class=\"elementor-widget-container\">\n\t\t\t\t\t\t\t<div class=\"elementor-spacer\">\n\t\t\t<div class=\"elementor-spacer-inner\"><\/div>\n\t\t<\/div>\n\t\t\t\t\t\t<\/div>\n\t\t\t\t<\/div>\n\t\t\t\t\t<\/div>\n\t\t<\/div>\n\t\t\t\t\t<\/div>\n\t\t<\/section>\n\t\t\t\t<section class=\"elementor-section elementor-top-section elementor-element elementor-element-a4950a4 elementor-section-stretched elementor-section-boxed elementor-section-height-default elementor-section-height-default\" data-id=\"a4950a4\" data-element_type=\"section\" data-settings=\"{&quot;stretch_section&quot;:&quot;section-stretched&quot;}\">\n\t\t\t\t\t\t<div class=\"elementor-container elementor-column-gap-default\">\n\t\t\t\t\t<div class=\"elementor-column elementor-col-50 elementor-top-column elementor-element elementor-element-f64cd14\" data-id=\"f64cd14\" data-element_type=\"column\">\n\t\t\t<div class=\"elementor-widget-wrap elementor-element-populated\">\n\t\t\t\t\t\t<div class=\"elementor-element elementor-element-db86e26 elementor-widget elementor-widget-thim-heading\" data-id=\"db86e26\" data-element_type=\"widget\" data-widget_type=\"thim-heading.default\">\n\t\t\t\t<div class=\"elementor-widget-container\">\n\t\t\t\t\t<div class=\"thim-widget-heading template-default\"><div class=\"thim-sc-heading\" >\n\t\t<div class=\"article_heading \">\n\t\t\t<h2  class=\"heading_secondary\">Contact your hosts<\/h2>\n\t\t\t<p class=\"heading_primary\"  >WE ARE HERE FOR YOU<\/p>\n\t\t\t<div class=\"heading-des\">Dreaming of a holiday in Reunion Island and want to learn more about our vacation rentals ? Contact your hosts !\n<\/br><\/br>\nDo you have a specific request ? A question about one of our vacation rentals in Reunion Island ? Or would you like to check our availability ?<\/br>\n\nWe'd love to hear from you !<\/br><\/br>\nFeel free to contact us using the form below or reach out to us directly. We\u2019ll do our best to reply as quickly and warmly as possible.<\/div>\n\t\t\t\n\t\t<\/div>\n\t<\/div><\/div>\t\t\t\t<\/div>\n\t\t\t\t<\/div>\n\t\t\t\t<div class=\"elementor-element elementor-element-9ea4b96 elementor-widget elementor-widget-shortcode\" data-id=\"9ea4b96\" data-element_type=\"widget\" data-widget_type=\"shortcode.default\">\n\t\t\t\t<div class=\"elementor-widget-container\">\n\t\t\t\t\t\t\t<div class=\"elementor-shortcode\">\n<div class=\"wpcf7 no-js\" id=\"wpcf7-f11295-o1\" lang=\"en-US\" dir=\"ltr\" data-wpcf7-id=\"11295\">\n<div class=\"screen-reader-response\"><p role=\"status\" aria-live=\"polite\" aria-atomic=\"true\"><\/p> <ul><\/ul><\/div>\n<form action=\"\/en\/wp-json\/wp\/v2\/pages\/12403#wpcf7-f11295-o1\" method=\"post\" class=\"wpcf7-form init\" aria-label=\"Contact form\" novalidate=\"novalidate\" data-status=\"init\">\n<fieldset class=\"hidden-fields-container\"><input type=\"hidden\" name=\"_wpcf7\" value=\"11295\" \/><input type=\"hidden\" name=\"_wpcf7_version\" value=\"6.1\" \/><input type=\"hidden\" name=\"_wpcf7_locale\" value=\"en_US\" \/><input type=\"hidden\" name=\"_wpcf7_unit_tag\" value=\"wpcf7-f11295-o1\" \/><input type=\"hidden\" name=\"_wpcf7_container_post\" value=\"0\" \/><input type=\"hidden\" name=\"_wpcf7_posted_data_hash\" value=\"\" \/>\n<\/fieldset>\n<p><label> Your name, Your first name<br \/>\n<span class=\"wpcf7-form-control-wrap\" data-name=\"your-name\"><input size=\"40\" maxlength=\"400\" class=\"wpcf7-form-control wpcf7-text wpcf7-validates-as-required\" autocomplete=\"name\" aria-required=\"true\" aria-invalid=\"false\" value=\"\" type=\"text\" name=\"your-name\" \/><\/span> <\/label>\n<\/p>\n<p><label> Your e-mail<br \/>\n<span class=\"wpcf7-form-control-wrap\" data-name=\"your-email\"><input size=\"40\" maxlength=\"400\" class=\"wpcf7-form-control wpcf7-email wpcf7-validates-as-required wpcf7-text wpcf7-validates-as-email\" autocomplete=\"email\" aria-required=\"true\" aria-invalid=\"false\" value=\"\" type=\"email\" name=\"your-email\" \/><\/span> <\/label>\n<\/p>\n<p><label> Object<br \/>\n<span class=\"wpcf7-form-control-wrap\" data-name=\"your-subject\"><input size=\"40\" maxlength=\"400\" class=\"wpcf7-form-control wpcf7-text wpcf7-validates-as-required\" aria-required=\"true\" aria-invalid=\"false\" value=\"\" type=\"text\" name=\"your-subject\" \/><\/span> <\/label>\n<\/p>\n<p><label> Your message (optional)<br \/>\n<span class=\"wpcf7-form-control-wrap\" data-name=\"your-message\"><textarea cols=\"40\" rows=\"10\" maxlength=\"2000\" class=\"wpcf7-form-control wpcf7-textarea\" aria-invalid=\"false\" name=\"your-message\"><\/textarea><\/span> <\/label>\n<\/p>\n<p><input class=\"wpcf7-form-control wpcf7-submit has-spinner\" type=\"submit\" value=\"Send\" \/>\n<\/p><div class=\"wpcf7-response-output\" aria-hidden=\"true\"><\/div>\n<\/form>\n<\/div>\n<\/div>\n\t\t\t\t\t\t<\/div>\n\t\t\t\t<\/div>\n\t\t\t\t\t<\/div>\n\t\t<\/div>\n\t\t\t\t<div class=\"elementor-column elementor-col-50 elementor-top-column elementor-element elementor-element-81d98cd\" data-id=\"81d98cd\" data-element_type=\"column\">\n\t\t\t<div class=\"elementor-widget-wrap elementor-element-populated\">\n\t\t\t\t\t\t<div class=\"elementor-element elementor-element-0c959df elementor-widget elementor-widget-html\" data-id=\"0c959df\" data-element_type=\"widget\" data-widget_type=\"html.default\">\n\t\t\t\t<div class=\"elementor-widget-container\">\n\t\t\t\t\t<div class=\"text\">\r\nAt Piment Corail, Holiday Rentals in Reunion Island, your satisfaction is our satisfaction. Contact your hosts now!\r\n<div class=\"contact-address\"><i class=\"las la-location-arrow\"><\/i><p><\/p>\r\n<div class=\"text\">By whatsapp :  <\/div>\r\n<a href=\"https:\/\/www.wa.me\/262692120981.com\"> +262(0)692120981<\/a>\r\n\r\n\r\n<\/div>\r\n<div class=\"contact-phone\"><i class=\"las la-phone\"><\/i><a href=\"tel:01794340979\">Call us : 06 92 12 09 81<\/a><\/div>\r\n\r\n\r\n<div class=\"contact-email\"><i class=\"las la-envelope\"><\/i><a href=\"mailto:info@thimpress.com\">Write to us : contact@pimentcorail.com<\/a><\/div>\t\t\t\t<\/div>\n\t\t\t\t<\/div>\n\t\t\t\t<div class=\"elementor-element elementor-element-33f02f7 elementor-widget elementor-widget-image\" data-id=\"33f02f7\" data-element_type=\"widget\" data-widget_type=\"image.default\">\n\t\t\t\t<div class=\"elementor-widget-container\">\n\t\t\t\t\t\t\t\t\t\t\t\t\t\t\t<img fetchpriority=\"high\" decoding=\"async\" width=\"1024\" height=\"1024\" src=\"https:\/\/vacances-lareunion.re\/wp-content\/uploads\/2025\/10\/Famille-piment-corail-contact.jpg\" class=\"attachment-full size-full wp-image-11577\" alt=\"piment-corail-contact-famille-h\u00f4tes-location-saisonniere-ocean-indien\" srcset=\"https:\/\/vacances-lareunion.re\/wp-content\/uploads\/2025\/10\/Famille-piment-corail-contact.jpg 1024w, https:\/\/vacances-lareunion.re\/wp-content\/uploads\/2025\/10\/Famille-piment-corail-contact-300x300.jpg 300w, https:\/\/vacances-lareunion.re\/wp-content\/uploads\/2025\/10\/Famille-piment-corail-contact-150x150.jpg 150w, https:\/\/vacances-lareunion.re\/wp-content\/uploads\/2025\/10\/Famille-piment-corail-contact-768x768.jpg 768w, https:\/\/vacances-lareunion.re\/wp-content\/uploads\/2025\/10\/Famille-piment-corail-contact-600x600.jpg 600w, https:\/\/vacances-lareunion.re\/wp-content\/uploads\/2025\/10\/Famille-piment-corail-contact-100x100.jpg 100w\" sizes=\"(max-width: 1024px) 100vw, 1024px\" \/>\t\t\t\t\t\t\t\t\t\t\t\t\t\t\t<\/div>\n\t\t\t\t<\/div>\n\t\t\t\t<div class=\"elementor-element elementor-element-9bd6cf0 elementor-widget elementor-widget-html\" data-id=\"9bd6cf0\" data-element_type=\"widget\" data-widget_type=\"html.default\">\n\t\t\t\t<div class=\"elementor-widget-container\">\n\t\t\t\t\t<\/br>\r\n<div class=\"text\">\r\nOur PIMENT CORAIL accommodations are located in Saint-Pierre and L'Entre-Deux, in the heart of the south of the island, ideally placed for exploring the whole of La R\u00e9union.<\/div><\/br>\r\n<div class=\"text\">We'd be delighted to hear from you and help you make the most of your holiday on Reunion Island.<\/div><\/br>\r\n\r\n<div class=\"text\">See you soon!<\/div><\/br>\r\n\r\n<div class=\"text\">Audrey & Laurent Piment Corail - Classified vacation rentals in Reunion Island<\/div>\r\n\r\n<\/div><a href=\"https:\/\/www.vacances-lareunion.re\/\"> vacances-lareunion.re<\/a>\t\t\t\t<\/div>\n\t\t\t\t<\/div>\n\t\t\t\t\t<\/div>\n\t\t<\/div>\n\t\t\t\t\t<\/div>\n\t\t<\/section>\n\t\t\t\t<section class=\"elementor-section elementor-top-section elementor-element elementor-element-506cc65 elementor-section-full_width elementor-section-stretched elementor-section-height-default elementor-section-height-default\" data-id=\"506cc65\" data-element_type=\"section\" data-settings=\"{&quot;stretch_section&quot;:&quot;section-stretched&quot;}\">\n\t\t\t\t\t\t<div class=\"elementor-container elementor-column-gap-default\">\n\t\t\t\t\t<div class=\"elementor-column elementor-col-100 elementor-top-column elementor-element elementor-element-46825a9\" data-id=\"46825a9\" data-element_type=\"column\">\n\t\t\t<div class=\"elementor-widget-wrap elementor-element-populated\">\n\t\t\t\t\t\t<div class=\"elementor-element elementor-element-d43b438 elementor-widget elementor-widget-thim-google-map\" data-id=\"d43b438\" data-element_type=\"widget\" data-widget_type=\"thim-google-map.default\">\n\t\t\t\t<div class=\"elementor-widget-container\">\n\t\t\t\t\t<div class=\"thim-widget-google-map template-default\"><div class=\"thim-map-iframe\" style =\"height: 500px\"><iframe frameborder=\"0\" scrolling=\"no\" marginheight=\"0\" marginwidth=\"0\" src=\"https:\/\/maps.google.com\/maps?q=Dina%20run%20et%20moka%20run&amp;t=m&amp;z=12&amp;output=embed&amp;iwloc=near\" title=\"Dina run et moka run\" aria-label=\"Dina run et moka run\"><\/iframe><\/div><\/div>\t\t\t\t<\/div>\n\t\t\t\t<\/div>\n\t\t\t\t\t<\/div>\n\t\t<\/div>\n\t\t\t\t\t<\/div>\n\t\t<\/section>\n\t\t\t\t<\/div>\n\t\t","protected":false},"excerpt":{"rendered":"<p>Contact your hosts WE ARE HERE FOR YOU Dreaming of a holiday in Reunion Island and want to learn more about our vacation rentals ? Contact your hosts ! Do you have a specific request ? A question about one of our vacation rentals in Reunion Island ? Or would&#8230;<\/p>\n","protected":false},"author":1,"featured_media":0,"parent":0,"menu_order":0,"comment_status":"closed","ping_status":"closed","template":"","meta":{"footnotes":""},"class_list":["post-12403","page","type-page","status-publish","hentry"],"yoast_head":"<!-- This site is optimized with the Yoast SEO plugin v25.4 - https:\/\/yoast.com\/wordpress\/plugins\/seo\/ -->\n<title>Contact - Holiday rentals in Reunion Island<\/title>\n<meta name=\"description\" content=\"Contact your hosts in Reunion Island for any questions or booking requests. We are available to organize your stay.\" \/>\n<meta name=\"robots\" content=\"index, follow, max-snippet:-1, max-image-preview:large, max-video-preview:-1\" \/>\n<link rel=\"canonical\" href=\"https:\/\/vacances-lareunion.re\/en\/contact\/\" \/>\n<meta property=\"og:locale\" content=\"en_US\" \/>\n<meta property=\"og:type\" content=\"article\" \/>\n<meta property=\"og:title\" content=\"Contact - Holiday rentals in Reunion Island\" \/>\n<meta property=\"og:description\" content=\"Contact your hosts in Reunion Island for any questions or booking requests. We are available to organize your stay.\" \/>\n<meta property=\"og:url\" content=\"https:\/\/vacances-lareunion.re\/en\/contact\/\" \/>\n<meta property=\"og:site_name\" content=\"Locations Vacances \u00e0 la R\u00e9union By Piment Corail\" \/>\n<meta property=\"article:publisher\" content=\"https:\/\/www.facebook.com\/dinamokarun974\" \/>\n<meta property=\"article:modified_time\" content=\"2026-01-25T11:14:54+00:00\" \/>\n<meta property=\"og:image\" content=\"https:\/\/vacances-lareunion.re\/wp-content\/uploads\/2025\/10\/Famille-piment-corail-contact.jpg\" \/>\n<meta name=\"twitter:card\" content=\"summary_large_image\" \/>\n<meta name=\"twitter:label1\" content=\"Est. reading time\" \/>\n\t<meta name=\"twitter:data1\" content=\"2 minutes\" \/>\n<script type=\"application\/ld+json\" class=\"yoast-schema-graph\">{\"@context\":\"https:\/\/schema.org\",\"@graph\":[{\"@type\":\"WebPage\",\"@id\":\"https:\/\/vacances-lareunion.re\/en\/contact\/\",\"url\":\"https:\/\/vacances-lareunion.re\/en\/contact\/\",\"name\":\"Contact - Holiday rentals in Reunion Island\",\"isPartOf\":{\"@id\":\"https:\/\/vacances-lareunion.re\/#website\"},\"primaryImageOfPage\":{\"@id\":\"https:\/\/vacances-lareunion.re\/en\/contact\/#primaryimage\"},\"image\":{\"@id\":\"https:\/\/vacances-lareunion.re\/en\/contact\/#primaryimage\"},\"thumbnailUrl\":\"https:\/\/vacances-lareunion.re\/wp-content\/uploads\/2025\/10\/Famille-piment-corail-contact.jpg\",\"datePublished\":\"2019-06-08T10:40:22+00:00\",\"dateModified\":\"2026-01-25T11:14:54+00:00\",\"description\":\"Contact your hosts in Reunion Island for any questions or booking requests. We are available to organize your stay.\",\"breadcrumb\":{\"@id\":\"https:\/\/vacances-lareunion.re\/en\/contact\/#breadcrumb\"},\"inLanguage\":\"en-US\",\"potentialAction\":[{\"@type\":\"ReadAction\",\"target\":[\"https:\/\/vacances-lareunion.re\/en\/contact\/\"]}]},{\"@type\":\"ImageObject\",\"inLanguage\":\"en-US\",\"@id\":\"https:\/\/vacances-lareunion.re\/en\/contact\/#primaryimage\",\"url\":\"https:\/\/vacances-lareunion.re\/wp-content\/uploads\/2025\/10\/Famille-piment-corail-contact.jpg\",\"contentUrl\":\"https:\/\/vacances-lareunion.re\/wp-content\/uploads\/2025\/10\/Famille-piment-corail-contact.jpg\"},{\"@type\":\"BreadcrumbList\",\"@id\":\"https:\/\/vacances-lareunion.re\/en\/contact\/#breadcrumb\",\"itemListElement\":[{\"@type\":\"ListItem\",\"position\":1,\"name\":\"Home\",\"item\":\"https:\/\/vacances-lareunion.re\/en\/welcome-to-piment-corail\/\"},{\"@type\":\"ListItem\",\"position\":2,\"name\":\"Contact\"}]},{\"@type\":\"WebSite\",\"@id\":\"https:\/\/vacances-lareunion.re\/#website\",\"url\":\"https:\/\/vacances-lareunion.re\/\",\"name\":\"Locations Vacances \u00e0 la R\u00e9union By Piment Corail\",\"description\":\"Vos ocations de vacances \u00e0 La R\u00e9union \u2013 R\u00e9servez facilement nos h\u00e9bergements tout \u00e9quip\u00e9s\",\"publisher\":{\"@id\":\"https:\/\/vacances-lareunion.re\/#organization\"},\"alternateName\":\"Piment Corail\",\"potentialAction\":[{\"@type\":\"SearchAction\",\"target\":{\"@type\":\"EntryPoint\",\"urlTemplate\":\"https:\/\/vacances-lareunion.re\/?s={search_term_string}\"},\"query-input\":{\"@type\":\"PropertyValueSpecification\",\"valueRequired\":true,\"valueName\":\"search_term_string\"}}],\"inLanguage\":\"en-US\"},{\"@type\":\"Organization\",\"@id\":\"https:\/\/vacances-lareunion.re\/#organization\",\"name\":\"Locations de vacances \u00e0 La R\u00e9union by Piment Corail\",\"alternateName\":\"Piment Corail\",\"url\":\"https:\/\/vacances-lareunion.re\/\",\"logo\":{\"@type\":\"ImageObject\",\"inLanguage\":\"en-US\",\"@id\":\"https:\/\/vacances-lareunion.re\/#\/schema\/logo\/image\/\",\"url\":\"https:\/\/vacances-lareunion.re\/wp-content\/uploads\/2016\/10\/piment-corail-logo-vacances-la-reunion.png\",\"contentUrl\":\"https:\/\/vacances-lareunion.re\/wp-content\/uploads\/2016\/10\/piment-corail-logo-vacances-la-reunion.png\",\"width\":512,\"height\":512,\"caption\":\"Locations de vacances \u00e0 La R\u00e9union by Piment Corail\"},\"image\":{\"@id\":\"https:\/\/vacances-lareunion.re\/#\/schema\/logo\/image\/\"},\"sameAs\":[\"https:\/\/www.facebook.com\/dinamokarun974\"]}]}<\/script>\n<!-- \/ Yoast SEO plugin. -->","yoast_head_json":{"title":"Contact - Holiday rentals in Reunion Island","description":"Contact your hosts in Reunion Island for any questions or booking requests. We are available to organize your stay.","robots":{"index":"index","follow":"follow","max-snippet":"max-snippet:-1","max-image-preview":"max-image-preview:large","max-video-preview":"max-video-preview:-1"},"canonical":"https:\/\/vacances-lareunion.re\/en\/contact\/","og_locale":"en_US","og_type":"article","og_title":"Contact - Holiday rentals in Reunion Island","og_description":"Contact your hosts in Reunion Island for any questions or booking requests. We are available to organize your stay.","og_url":"https:\/\/vacances-lareunion.re\/en\/contact\/","og_site_name":"Locations Vacances \u00e0 la R\u00e9union By Piment Corail","article_publisher":"https:\/\/www.facebook.com\/dinamokarun974","article_modified_time":"2026-01-25T11:14:54+00:00","og_image":[{"url":"https:\/\/vacances-lareunion.re\/wp-content\/uploads\/2025\/10\/Famille-piment-corail-contact.jpg","type":"","width":"","height":""}],"twitter_card":"summary_large_image","twitter_misc":{"Est. reading time":"2 minutes"},"schema":{"@context":"https:\/\/schema.org","@graph":[{"@type":"WebPage","@id":"https:\/\/vacances-lareunion.re\/en\/contact\/","url":"https:\/\/vacances-lareunion.re\/en\/contact\/","name":"Contact - Holiday rentals in Reunion Island","isPartOf":{"@id":"https:\/\/vacances-lareunion.re\/#website"},"primaryImageOfPage":{"@id":"https:\/\/vacances-lareunion.re\/en\/contact\/#primaryimage"},"image":{"@id":"https:\/\/vacances-lareunion.re\/en\/contact\/#primaryimage"},"thumbnailUrl":"https:\/\/vacances-lareunion.re\/wp-content\/uploads\/2025\/10\/Famille-piment-corail-contact.jpg","datePublished":"2019-06-08T10:40:22+00:00","dateModified":"2026-01-25T11:14:54+00:00","description":"Contact your hosts in Reunion Island for any questions or booking requests. We are available to organize your stay.","breadcrumb":{"@id":"https:\/\/vacances-lareunion.re\/en\/contact\/#breadcrumb"},"inLanguage":"en-US","potentialAction":[{"@type":"ReadAction","target":["https:\/\/vacances-lareunion.re\/en\/contact\/"]}]},{"@type":"ImageObject","inLanguage":"en-US","@id":"https:\/\/vacances-lareunion.re\/en\/contact\/#primaryimage","url":"https:\/\/vacances-lareunion.re\/wp-content\/uploads\/2025\/10\/Famille-piment-corail-contact.jpg","contentUrl":"https:\/\/vacances-lareunion.re\/wp-content\/uploads\/2025\/10\/Famille-piment-corail-contact.jpg"},{"@type":"BreadcrumbList","@id":"https:\/\/vacances-lareunion.re\/en\/contact\/#breadcrumb","itemListElement":[{"@type":"ListItem","position":1,"name":"Home","item":"https:\/\/vacances-lareunion.re\/en\/welcome-to-piment-corail\/"},{"@type":"ListItem","position":2,"name":"Contact"}]},{"@type":"WebSite","@id":"https:\/\/vacances-lareunion.re\/#website","url":"https:\/\/vacances-lareunion.re\/","name":"Locations Vacances \u00e0 la R\u00e9union By Piment Corail","description":"Vos ocations de vacances \u00e0 La R\u00e9union \u2013 R\u00e9servez facilement nos h\u00e9bergements tout \u00e9quip\u00e9s","publisher":{"@id":"https:\/\/vacances-lareunion.re\/#organization"},"alternateName":"Piment Corail","potentialAction":[{"@type":"SearchAction","target":{"@type":"EntryPoint","urlTemplate":"https:\/\/vacances-lareunion.re\/?s={search_term_string}"},"query-input":{"@type":"PropertyValueSpecification","valueRequired":true,"valueName":"search_term_string"}}],"inLanguage":"en-US"},{"@type":"Organization","@id":"https:\/\/vacances-lareunion.re\/#organization","name":"Locations de vacances \u00e0 La R\u00e9union by Piment Corail","alternateName":"Piment Corail","url":"https:\/\/vacances-lareunion.re\/","logo":{"@type":"ImageObject","inLanguage":"en-US","@id":"https:\/\/vacances-lareunion.re\/#\/schema\/logo\/image\/","url":"https:\/\/vacances-lareunion.re\/wp-content\/uploads\/2016\/10\/piment-corail-logo-vacances-la-reunion.png","contentUrl":"https:\/\/vacances-lareunion.re\/wp-content\/uploads\/2016\/10\/piment-corail-logo-vacances-la-reunion.png","width":512,"height":512,"caption":"Locations de vacances \u00e0 La R\u00e9union by Piment Corail"},"image":{"@id":"https:\/\/vacances-lareunion.re\/#\/schema\/logo\/image\/"},"sameAs":["https:\/\/www.facebook.com\/dinamokarun974"]}]}},"_links":{"self":[{"href":"https:\/\/vacances-lareunion.re\/en\/wp-json\/wp\/v2\/pages\/12403","targetHints":{"allow":["GET"]}}],"collection":[{"href":"https:\/\/vacances-lareunion.re\/en\/wp-json\/wp\/v2\/pages"}],"about":[{"href":"https:\/\/vacances-lareunion.re\/en\/wp-json\/wp\/v2\/types\/page"}],"author":[{"embeddable":true,"href":"https:\/\/vacances-lareunion.re\/en\/wp-json\/wp\/v2\/users\/1"}],"replies":[{"embeddable":true,"href":"https:\/\/vacances-lareunion.re\/en\/wp-json\/wp\/v2\/comments?post=12403"}],"version-history":[{"count":7,"href":"https:\/\/vacances-lareunion.re\/en\/wp-json\/wp\/v2\/pages\/12403\/revisions"}],"predecessor-version":[{"id":12445,"href":"https:\/\/vacances-lareunion.re\/en\/wp-json\/wp\/v2\/pages\/12403\/revisions\/12445"}],"wp:attachment":[{"href":"https:\/\/vacances-lareunion.re\/en\/wp-json\/wp\/v2\/media?parent=12403"}],"curies":[{"name":"wp","href":"https:\/\/api.w.org\/{rel}","templated":true}]}}