{"id":12446,"date":"2025-06-23T12:40:03","date_gmt":"2025-06-23T08:40:03","guid":{"rendered":"https:\/\/vacances-lareunion.re\/?page_id=12446"},"modified":"2026-01-25T14:58:06","modified_gmt":"2026-01-25T10:58:06","slug":"our-commitments","status":"publish","type":"page","link":"https:\/\/vacances-lareunion.re\/en\/our-commitments\/","title":{"rendered":"Our commitments"},"content":{"rendered":"\t\t<div data-elementor-type=\"wp-page\" data-elementor-id=\"12446\" class=\"elementor elementor-12446 elementor-10209\">\n\t\t\t\t<div class=\"elementor-element elementor-element-6cfbc3c8 e-flex e-con-boxed e-con e-parent\" data-id=\"6cfbc3c8\" data-element_type=\"container\" data-settings=\"{&quot;background_background&quot;:&quot;classic&quot;}\">\n\t\t\t\t\t<div class=\"e-con-inner\">\n\t\t\t\t<div class=\"elementor-element elementor-element-399949e3 elementor-widget elementor-widget-heading\" data-id=\"399949e3\" data-element_type=\"widget\" data-widget_type=\"heading.default\">\n\t\t\t\t<div class=\"elementor-widget-container\">\n\t\t\t\t\t<h1 class=\"elementor-heading-title elementor-size-default\">Our commitments<\/h1>\t\t\t\t<\/div>\n\t\t\t\t<\/div>\n\t\t\t\t\t<\/div>\n\t\t\t\t<\/div>\n\t\t<div class=\"elementor-element elementor-element-357ea65b e-flex e-con-boxed e-con e-parent\" data-id=\"357ea65b\" data-element_type=\"container\">\n\t\t\t\t\t<div class=\"e-con-inner\">\n\t\t\t\t<div class=\"elementor-element elementor-element-68d24935 button-primary elementor-widget elementor-widget-thim-heading\" data-id=\"68d24935\" data-element_type=\"widget\" data-widget_type=\"thim-heading.default\">\n\t\t\t\t<div class=\"elementor-widget-container\">\n\t\t\t\t\t<div class=\"thim-widget-heading template-default\"><div class=\"thim-sc-heading\" style = text-align:center; >\n\t\t<div class=\"article_heading \">\n\t\t\t<h2  class=\"heading_secondary\">Discover our services and commitments<\/h2>\n\t\t\t\n\t\t\t\n\t\t\t\n\t\t<\/div>\n\t<\/div><\/div>\t\t\t\t<\/div>\n\t\t\t\t<\/div>\n\t\t\t\t<div class=\"elementor-element elementor-element-37ee6996 thim-services-content-box elementor-widget elementor-widget-thim-list-icon-box\" data-id=\"37ee6996\" data-element_type=\"widget\" data-widget_type=\"thim-list-icon-box.default\">\n\t\t\t\t<div class=\"elementor-widget-container\">\n\t\t\t\t\t<div class=\"thim-widget-list-icon-box template-default\"><div class=\"thim-sc-list-icon-box\">\n\t<div class=\"list-icon-box-wrapper container\">\n\t\t<ul class=\"list-icon-box owl-carousel owl-theme\" data-number=\"3\"><li class=\"box-item\"><i class = \"ion-air \" ><\/i><h5 class=\"box-title\">Air conditioning<\/h5><p class=\"description\">For a stay that's always cool. We equip all our rentals with air conditioning in the living areas and\/or bedrooms, to guarantee you optimal comfort in every season.<\/p><a  style=\"display: none;\" href=\"#\" title=\"\" target=\"\" rel=\"\"><\/a><\/li><li class=\"box-item\"><i class = \"ion-wifi \" ><\/i><h5 class=\"box-title\">Wi-Fi Internet<\/h5><p class=\"description\">Stay connected if you wish. We offer a high-speed Wi-Fi connection so you can stay connected, organize your days, share your memories, or browse freely.<\/p><a  style=\"display: none;\" href=\"#\" title=\"\" target=\"\" rel=\"\"><\/a><\/li><li class=\"box-item\"><i class = \"ion-ios-tv \" ><\/i><h5 class=\"box-title\">Netflix and Smart TV<\/h5><p class=\"description\">Just like at home, enjoy your favorite series and movies. Our connected Smart TVs give you access to Netflix with your personal login details, so you can enjoy your favorite series and movies just like at home.<\/p><a  style=\"display: none;\" href=\"#\" title=\"\" target=\"\" rel=\"\"><\/a><\/li><\/ul>\t<\/div>\n<\/div>\n<\/div>\t\t\t\t<\/div>\n\t\t\t\t<\/div>\n\t\t\t\t<div class=\"elementor-element elementor-element-4c296c40 thim-services-content-box elementor-widget elementor-widget-thim-list-icon-box\" data-id=\"4c296c40\" data-element_type=\"widget\" data-widget_type=\"thim-list-icon-box.default\">\n\t\t\t\t<div class=\"elementor-widget-container\">\n\t\t\t\t\t<div class=\"thim-widget-list-icon-box template-default\"><div class=\"thim-sc-list-icon-box\">\n\t<div class=\"list-icon-box-wrapper container\">\n\t\t<ul class=\"list-icon-box owl-carousel owl-theme\" data-number=\"4\"><li class=\"box-item\"><i class = \"ion-double-bed \" ><\/i><h5 class=\"box-title\">Bed linen and towels provided<\/h5><p class=\"description\">All your comfort, without having to bring anything. Upon your arrival, the beds are made and bath towels are waiting for you: travel light, we take care of everything.<\/p><a  style=\"display: none;\" href=\"#\" title=\"\" target=\"\" rel=\"\"><\/a><\/li><li class=\"box-item\"><i class = \"ion-ios-key \" ><\/i><h5 class=\"box-title\">Impeccable cleaning and a warm welcome<\/h5><p class=\"description\">Care, cleanliness and quality of welcome. Each accommodation is prepared with rigor and love: cleanliness checked, fresh linen, and a personalized welcome to start your stay off right.<\/p><a  style=\"display: none;\" href=\"#\" title=\"\" target=\"\" rel=\"\"><\/a><\/li><li class=\"box-item\"><i class = \"ion-swimming \" ><\/i><h5 class=\"box-title\">Swimming pool at Villa \u00c9vilou<\/h5><p class=\"description\">For even more relaxation. Our Villa \u00c9vilou offers you a private pool area, ideal for cooling off or relaxing between excursions or throughout the day.<\/p><a  style=\"display: none;\" href=\"#\" title=\"\" target=\"\" rel=\"\"><\/a><\/li><li class=\"box-item\"><i class = \"ion-food-tray \" ><\/i><h5 class=\"box-title\">Board games<\/h5><p class=\"description\">Treat yourself and have fun with our selection of board games available to you.<\/p><a  style=\"display: none;\" href=\"#\" title=\"\" target=\"\" rel=\"\"><\/a><\/li><\/ul>\t<\/div>\n<\/div>\n<\/div>\t\t\t\t<\/div>\n\t\t\t\t<\/div>\n\t\t\t\t\t<\/div>\n\t\t\t\t<\/div>\n\t\t<div class=\"elementor-element elementor-element-1826db0e e-flex e-con-boxed e-con e-parent\" data-id=\"1826db0e\" data-element_type=\"container\">\n\t\t\t\t\t<div class=\"e-con-inner\">\n\t\t<div class=\"elementor-element elementor-element-394ca944 e-con-full e-flex e-con e-child\" data-id=\"394ca944\" data-element_type=\"container\">\n\t\t\t\t<div class=\"elementor-element elementor-element-1c91dd67 button-primary elementor-widget elementor-widget-thim-heading\" data-id=\"1c91dd67\" data-element_type=\"widget\" data-widget_type=\"thim-heading.default\">\n\t\t\t\t<div class=\"elementor-widget-container\">\n\t\t\t\t\t<div class=\"thim-widget-heading template-default\"><div class=\"thim-sc-heading\" >\n\t\t<div class=\"article_heading \">\n\t\t\t<h2  class=\"heading_secondary\">Comfort and serenity<\/h2>\n\t\t\t\n\t\t\t\n\t\t\t\n\t\t<\/div>\n\t<\/div><\/div>\t\t\t\t<\/div>\n\t\t\t\t<\/div>\n\t\t\t\t<div class=\"elementor-element elementor-element-3544dd8a elementor-widget elementor-widget-image\" data-id=\"3544dd8a\" data-element_type=\"widget\" data-widget_type=\"image.default\">\n\t\t\t\t<div class=\"elementor-widget-container\">\n\t\t\t\t\t\t\t\t\t\t\t\t\t\t\t<img fetchpriority=\"high\" decoding=\"async\" width=\"2048\" height=\"1365\" src=\"https:\/\/vacances-lareunion.re\/wp-content\/uploads\/2016\/10\/louer-appartement-vacances-la-reunion-7.jpg\" class=\"attachment-full size-full wp-image-10581\" alt=\"louer appartement vacances la reunion bienvenue piment corail\" srcset=\"https:\/\/vacances-lareunion.re\/wp-content\/uploads\/2016\/10\/louer-appartement-vacances-la-reunion-7.jpg 2048w, https:\/\/vacances-lareunion.re\/wp-content\/uploads\/2016\/10\/louer-appartement-vacances-la-reunion-7-300x200.jpg 300w, https:\/\/vacances-lareunion.re\/wp-content\/uploads\/2016\/10\/louer-appartement-vacances-la-reunion-7-1024x683.jpg 1024w, https:\/\/vacances-lareunion.re\/wp-content\/uploads\/2016\/10\/louer-appartement-vacances-la-reunion-7-768x512.jpg 768w, https:\/\/vacances-lareunion.re\/wp-content\/uploads\/2016\/10\/louer-appartement-vacances-la-reunion-7-1536x1024.jpg 1536w, https:\/\/vacances-lareunion.re\/wp-content\/uploads\/2016\/10\/louer-appartement-vacances-la-reunion-7-600x400.jpg 600w\" sizes=\"(max-width: 2048px) 100vw, 2048px\" \/>\t\t\t\t\t\t\t\t\t\t\t\t\t\t\t<\/div>\n\t\t\t\t<\/div>\n\t\t\t\t<\/div>\n\t\t<div class=\"elementor-element elementor-element-5ab2bbfe e-con-full e-flex e-con e-child\" data-id=\"5ab2bbfe\" data-element_type=\"container\">\n\t\t\t\t<div class=\"elementor-element elementor-element-193452e4 elementor-widget elementor-widget-image\" data-id=\"193452e4\" data-element_type=\"widget\" data-widget_type=\"image.default\">\n\t\t\t\t<div class=\"elementor-widget-container\">\n\t\t\t\t\t\t\t\t\t\t\t\t\t\t\t<img decoding=\"async\" width=\"2048\" height=\"1365\" src=\"https:\/\/vacances-lareunion.re\/wp-content\/uploads\/2016\/10\/location-courte-duree-reunion-airbnb-st-pierre-8-1.jpg\" class=\"attachment-full size-full wp-image-10929\" alt=\"location courte duree reunion airbnb st pierre lieu paisible centre ville 974\" srcset=\"https:\/\/vacances-lareunion.re\/wp-content\/uploads\/2016\/10\/location-courte-duree-reunion-airbnb-st-pierre-8-1.jpg 2048w, https:\/\/vacances-lareunion.re\/wp-content\/uploads\/2016\/10\/location-courte-duree-reunion-airbnb-st-pierre-8-1-300x200.jpg 300w, https:\/\/vacances-lareunion.re\/wp-content\/uploads\/2016\/10\/location-courte-duree-reunion-airbnb-st-pierre-8-1-1024x683.jpg 1024w, https:\/\/vacances-lareunion.re\/wp-content\/uploads\/2016\/10\/location-courte-duree-reunion-airbnb-st-pierre-8-1-768x512.jpg 768w, https:\/\/vacances-lareunion.re\/wp-content\/uploads\/2016\/10\/location-courte-duree-reunion-airbnb-st-pierre-8-1-1536x1024.jpg 1536w, https:\/\/vacances-lareunion.re\/wp-content\/uploads\/2016\/10\/location-courte-duree-reunion-airbnb-st-pierre-8-1-600x400.jpg 600w\" sizes=\"(max-width: 2048px) 100vw, 2048px\" \/>\t\t\t\t\t\t\t\t\t\t\t\t\t\t\t<\/div>\n\t\t\t\t<\/div>\n\t\t\t\t<div class=\"elementor-element elementor-element-3efadd1c elementor-widget elementor-widget-text-editor\" data-id=\"3efadd1c\" data-element_type=\"widget\" data-widget_type=\"text-editor.default\">\n\t\t\t\t<div class=\"elementor-widget-container\">\n\t\t\t\t\t\t\t\t\t<p>Treat yourself to a stay in the south of Reunion Island, under the sign of comfort and serenity in the Piment Corail rentals, classified *** and ****, designed so that every moment is synonymous with well-being and disconnection.<\/p>\t\t\t\t\t\t\t\t<\/div>\n\t\t\t\t<\/div>\n\t\t\t\t<div class=\"elementor-element elementor-element-4f8d3f09 elementor-align-left elementor-widget elementor-widget-button\" data-id=\"4f8d3f09\" data-element_type=\"widget\" data-widget_type=\"button.default\">\n\t\t\t\t<div class=\"elementor-widget-container\">\n\t\t\t\t\t\t\t\t\t<div class=\"elementor-button-wrapper\">\n\t\t\t\t\t<a class=\"elementor-button elementor-button-link elementor-size-sm\" href=\"https:\/\/www.google.com\/search?sca_esv=6d2e1bcb61b00bbd&#038;tbm=lcl&#038;sxsrf=AE3TifOJ9ycx-gFosArV9Mg-vZwBrLcrww:1752129399929&#038;q=Coco%20Run%20***:%20Location%20de%20vacances%20en%20centre%20ville%20de%20Saint%20Pierre%20974%20Avis&#038;rflfq=1&#038;num=20&#038;stick=H4sIAAAAAAAAAONgkxIxNDAyMjQ1MTM3MTYztzA1NbIwN93AyPiK0ds5PzlfIag0T0FLS8tKwSc_ObEkMz9PISVVoSwxOTEvObVYITVPITk1r6QIKJSZk5MKkgtOzMwrUQjITC0Cilqamyg4lmUWL2KlpmkA1I_tBbcAAAA&#038;rldimm=10221546743678552875&#038;hl=fr-FR&#038;sa=X&#038;ved=0CAcQ5foLahcKEwiYqJPV1rGOAxUAAAAAHQAAAAAQBQ#lkt=LocalPoiReviews&#038;arid=ChZDSUhNMG9nS0VJQ0FnSURwdHBMSkNnEAE\">\n\t\t\t\t\t\t<span class=\"elementor-button-content-wrapper\">\n\t\t\t\t\t\t\t\t\t<span class=\"elementor-button-text\">see reviews<\/span>\n\t\t\t\t\t<\/span>\n\t\t\t\t\t<\/a>\n\t\t\t\t<\/div>\n\t\t\t\t\t\t\t\t<\/div>\n\t\t\t\t<\/div>\n\t\t\t\t<\/div>\n\t\t\t\t\t<\/div>\n\t\t\t\t<\/div>\n\t\t\t\t<\/div>\n\t\t","protected":false},"excerpt":{"rendered":"<p>Our commitments Discover our services and commitments Air conditioning For a stay that&#8217;s always cool. We equip all our rentals with air conditioning in the living areas and\/or bedrooms, to guarantee you optimal comfort in every season. Wi-Fi Internet Stay connected if you wish. We offer a high-speed Wi-Fi connection&#8230;<\/p>\n","protected":false},"author":1,"featured_media":0,"parent":0,"menu_order":0,"comment_status":"closed","ping_status":"closed","template":"elementor_header_footer","meta":{"footnotes":""},"class_list":["post-12446","page","type-page","status-publish","hentry"],"yoast_head":"<!-- This site is optimized with the Yoast SEO plugin v25.4 - https:\/\/yoast.com\/wordpress\/plugins\/seo\/ -->\n<title>Our commitments - Holiday rentals in Reunion Island<\/title>\n<meta name=\"description\" content=\"Our commitments for your stay in Reunion Island: quality accommodation, impeccable cleanliness, personalized welcome and reliable services.\" \/>\n<meta name=\"robots\" content=\"index, follow, max-snippet:-1, max-image-preview:large, max-video-preview:-1\" \/>\n<link rel=\"canonical\" href=\"https:\/\/vacances-lareunion.re\/en\/our-commitments\/\" \/>\n<meta property=\"og:locale\" content=\"en_US\" \/>\n<meta property=\"og:type\" content=\"article\" \/>\n<meta property=\"og:title\" content=\"Our commitments - Holiday rentals in Reunion Island\" \/>\n<meta property=\"og:description\" content=\"Our commitments for your stay in Reunion Island: quality accommodation, impeccable cleanliness, personalized welcome and reliable services.\" \/>\n<meta property=\"og:url\" content=\"https:\/\/vacances-lareunion.re\/en\/our-commitments\/\" \/>\n<meta property=\"og:site_name\" content=\"Locations Vacances \u00e0 la R\u00e9union By Piment Corail\" \/>\n<meta property=\"article:publisher\" content=\"https:\/\/www.facebook.com\/dinamokarun974\" \/>\n<meta property=\"article:modified_time\" content=\"2026-01-25T10:58:06+00:00\" \/>\n<meta property=\"og:image\" content=\"https:\/\/vacances-lareunion.re\/wp-content\/uploads\/2016\/10\/louer-appartement-vacances-la-reunion-7.jpg\" \/>\n<meta name=\"twitter:card\" content=\"summary_large_image\" \/>\n<meta name=\"twitter:label1\" content=\"Est. reading time\" \/>\n\t<meta name=\"twitter:data1\" content=\"2 minutes\" \/>\n<script type=\"application\/ld+json\" class=\"yoast-schema-graph\">{\"@context\":\"https:\/\/schema.org\",\"@graph\":[{\"@type\":\"WebPage\",\"@id\":\"https:\/\/vacances-lareunion.re\/en\/our-commitments\/\",\"url\":\"https:\/\/vacances-lareunion.re\/en\/our-commitments\/\",\"name\":\"Our commitments - Holiday rentals in Reunion Island\",\"isPartOf\":{\"@id\":\"https:\/\/vacances-lareunion.re\/#website\"},\"primaryImageOfPage\":{\"@id\":\"https:\/\/vacances-lareunion.re\/en\/our-commitments\/#primaryimage\"},\"image\":{\"@id\":\"https:\/\/vacances-lareunion.re\/en\/our-commitments\/#primaryimage\"},\"thumbnailUrl\":\"https:\/\/vacances-lareunion.re\/wp-content\/uploads\/2016\/10\/louer-appartement-vacances-la-reunion-7.jpg\",\"datePublished\":\"2025-06-23T08:40:03+00:00\",\"dateModified\":\"2026-01-25T10:58:06+00:00\",\"description\":\"Our commitments for your stay in Reunion Island: quality accommodation, impeccable cleanliness, personalized welcome and reliable services.\",\"breadcrumb\":{\"@id\":\"https:\/\/vacances-lareunion.re\/en\/our-commitments\/#breadcrumb\"},\"inLanguage\":\"en-US\",\"potentialAction\":[{\"@type\":\"ReadAction\",\"target\":[\"https:\/\/vacances-lareunion.re\/en\/our-commitments\/\"]}]},{\"@type\":\"ImageObject\",\"inLanguage\":\"en-US\",\"@id\":\"https:\/\/vacances-lareunion.re\/en\/our-commitments\/#primaryimage\",\"url\":\"https:\/\/vacances-lareunion.re\/wp-content\/uploads\/2016\/10\/louer-appartement-vacances-la-reunion-7.jpg\",\"contentUrl\":\"https:\/\/vacances-lareunion.re\/wp-content\/uploads\/2016\/10\/louer-appartement-vacances-la-reunion-7.jpg\"},{\"@type\":\"BreadcrumbList\",\"@id\":\"https:\/\/vacances-lareunion.re\/en\/our-commitments\/#breadcrumb\",\"itemListElement\":[{\"@type\":\"ListItem\",\"position\":1,\"name\":\"Home\",\"item\":\"https:\/\/vacances-lareunion.re\/en\/welcome-to-piment-corail\/\"},{\"@type\":\"ListItem\",\"position\":2,\"name\":\"Our commitments\"}]},{\"@type\":\"WebSite\",\"@id\":\"https:\/\/vacances-lareunion.re\/#website\",\"url\":\"https:\/\/vacances-lareunion.re\/\",\"name\":\"Locations Vacances \u00e0 la R\u00e9union By Piment Corail\",\"description\":\"Vos ocations de vacances \u00e0 La R\u00e9union \u2013 R\u00e9servez facilement nos h\u00e9bergements tout \u00e9quip\u00e9s\",\"publisher\":{\"@id\":\"https:\/\/vacances-lareunion.re\/#organization\"},\"alternateName\":\"Piment Corail\",\"potentialAction\":[{\"@type\":\"SearchAction\",\"target\":{\"@type\":\"EntryPoint\",\"urlTemplate\":\"https:\/\/vacances-lareunion.re\/?s={search_term_string}\"},\"query-input\":{\"@type\":\"PropertyValueSpecification\",\"valueRequired\":true,\"valueName\":\"search_term_string\"}}],\"inLanguage\":\"en-US\"},{\"@type\":\"Organization\",\"@id\":\"https:\/\/vacances-lareunion.re\/#organization\",\"name\":\"Locations de vacances \u00e0 La R\u00e9union by Piment Corail\",\"alternateName\":\"Piment Corail\",\"url\":\"https:\/\/vacances-lareunion.re\/\",\"logo\":{\"@type\":\"ImageObject\",\"inLanguage\":\"en-US\",\"@id\":\"https:\/\/vacances-lareunion.re\/#\/schema\/logo\/image\/\",\"url\":\"https:\/\/vacances-lareunion.re\/wp-content\/uploads\/2016\/10\/piment-corail-logo-vacances-la-reunion.png\",\"contentUrl\":\"https:\/\/vacances-lareunion.re\/wp-content\/uploads\/2016\/10\/piment-corail-logo-vacances-la-reunion.png\",\"width\":512,\"height\":512,\"caption\":\"Locations de vacances \u00e0 La R\u00e9union by Piment Corail\"},\"image\":{\"@id\":\"https:\/\/vacances-lareunion.re\/#\/schema\/logo\/image\/\"},\"sameAs\":[\"https:\/\/www.facebook.com\/dinamokarun974\"]}]}<\/script>\n<!-- \/ Yoast SEO plugin. -->","yoast_head_json":{"title":"Our commitments - Holiday rentals in Reunion Island","description":"Our commitments for your stay in Reunion Island: quality accommodation, impeccable cleanliness, personalized welcome and reliable services.","robots":{"index":"index","follow":"follow","max-snippet":"max-snippet:-1","max-image-preview":"max-image-preview:large","max-video-preview":"max-video-preview:-1"},"canonical":"https:\/\/vacances-lareunion.re\/en\/our-commitments\/","og_locale":"en_US","og_type":"article","og_title":"Our commitments - Holiday rentals in Reunion Island","og_description":"Our commitments for your stay in Reunion Island: quality accommodation, impeccable cleanliness, personalized welcome and reliable services.","og_url":"https:\/\/vacances-lareunion.re\/en\/our-commitments\/","og_site_name":"Locations Vacances \u00e0 la R\u00e9union By Piment Corail","article_publisher":"https:\/\/www.facebook.com\/dinamokarun974","article_modified_time":"2026-01-25T10:58:06+00:00","og_image":[{"url":"https:\/\/vacances-lareunion.re\/wp-content\/uploads\/2016\/10\/louer-appartement-vacances-la-reunion-7.jpg","type":"","width":"","height":""}],"twitter_card":"summary_large_image","twitter_misc":{"Est. reading time":"2 minutes"},"schema":{"@context":"https:\/\/schema.org","@graph":[{"@type":"WebPage","@id":"https:\/\/vacances-lareunion.re\/en\/our-commitments\/","url":"https:\/\/vacances-lareunion.re\/en\/our-commitments\/","name":"Our commitments - Holiday rentals in Reunion Island","isPartOf":{"@id":"https:\/\/vacances-lareunion.re\/#website"},"primaryImageOfPage":{"@id":"https:\/\/vacances-lareunion.re\/en\/our-commitments\/#primaryimage"},"image":{"@id":"https:\/\/vacances-lareunion.re\/en\/our-commitments\/#primaryimage"},"thumbnailUrl":"https:\/\/vacances-lareunion.re\/wp-content\/uploads\/2016\/10\/louer-appartement-vacances-la-reunion-7.jpg","datePublished":"2025-06-23T08:40:03+00:00","dateModified":"2026-01-25T10:58:06+00:00","description":"Our commitments for your stay in Reunion Island: quality accommodation, impeccable cleanliness, personalized welcome and reliable services.","breadcrumb":{"@id":"https:\/\/vacances-lareunion.re\/en\/our-commitments\/#breadcrumb"},"inLanguage":"en-US","potentialAction":[{"@type":"ReadAction","target":["https:\/\/vacances-lareunion.re\/en\/our-commitments\/"]}]},{"@type":"ImageObject","inLanguage":"en-US","@id":"https:\/\/vacances-lareunion.re\/en\/our-commitments\/#primaryimage","url":"https:\/\/vacances-lareunion.re\/wp-content\/uploads\/2016\/10\/louer-appartement-vacances-la-reunion-7.jpg","contentUrl":"https:\/\/vacances-lareunion.re\/wp-content\/uploads\/2016\/10\/louer-appartement-vacances-la-reunion-7.jpg"},{"@type":"BreadcrumbList","@id":"https:\/\/vacances-lareunion.re\/en\/our-commitments\/#breadcrumb","itemListElement":[{"@type":"ListItem","position":1,"name":"Home","item":"https:\/\/vacances-lareunion.re\/en\/welcome-to-piment-corail\/"},{"@type":"ListItem","position":2,"name":"Our commitments"}]},{"@type":"WebSite","@id":"https:\/\/vacances-lareunion.re\/#website","url":"https:\/\/vacances-lareunion.re\/","name":"Locations Vacances \u00e0 la R\u00e9union By Piment Corail","description":"Vos ocations de vacances \u00e0 La R\u00e9union \u2013 R\u00e9servez facilement nos h\u00e9bergements tout \u00e9quip\u00e9s","publisher":{"@id":"https:\/\/vacances-lareunion.re\/#organization"},"alternateName":"Piment Corail","potentialAction":[{"@type":"SearchAction","target":{"@type":"EntryPoint","urlTemplate":"https:\/\/vacances-lareunion.re\/?s={search_term_string}"},"query-input":{"@type":"PropertyValueSpecification","valueRequired":true,"valueName":"search_term_string"}}],"inLanguage":"en-US"},{"@type":"Organization","@id":"https:\/\/vacances-lareunion.re\/#organization","name":"Locations de vacances \u00e0 La R\u00e9union by Piment Corail","alternateName":"Piment Corail","url":"https:\/\/vacances-lareunion.re\/","logo":{"@type":"ImageObject","inLanguage":"en-US","@id":"https:\/\/vacances-lareunion.re\/#\/schema\/logo\/image\/","url":"https:\/\/vacances-lareunion.re\/wp-content\/uploads\/2016\/10\/piment-corail-logo-vacances-la-reunion.png","contentUrl":"https:\/\/vacances-lareunion.re\/wp-content\/uploads\/2016\/10\/piment-corail-logo-vacances-la-reunion.png","width":512,"height":512,"caption":"Locations de vacances \u00e0 La R\u00e9union by Piment Corail"},"image":{"@id":"https:\/\/vacances-lareunion.re\/#\/schema\/logo\/image\/"},"sameAs":["https:\/\/www.facebook.com\/dinamokarun974"]}]}},"_links":{"self":[{"href":"https:\/\/vacances-lareunion.re\/en\/wp-json\/wp\/v2\/pages\/12446","targetHints":{"allow":["GET"]}}],"collection":[{"href":"https:\/\/vacances-lareunion.re\/en\/wp-json\/wp\/v2\/pages"}],"about":[{"href":"https:\/\/vacances-lareunion.re\/en\/wp-json\/wp\/v2\/types\/page"}],"author":[{"embeddable":true,"href":"https:\/\/vacances-lareunion.re\/en\/wp-json\/wp\/v2\/users\/1"}],"replies":[{"embeddable":true,"href":"https:\/\/vacances-lareunion.re\/en\/wp-json\/wp\/v2\/comments?post=12446"}],"version-history":[{"count":16,"href":"https:\/\/vacances-lareunion.re\/en\/wp-json\/wp\/v2\/pages\/12446\/revisions"}],"predecessor-version":[{"id":12473,"href":"https:\/\/vacances-lareunion.re\/en\/wp-json\/wp\/v2\/pages\/12446\/revisions\/12473"}],"wp:attachment":[{"href":"https:\/\/vacances-lareunion.re\/en\/wp-json\/wp\/v2\/media?parent=12446"}],"curies":[{"name":"wp","href":"https:\/\/api.w.org\/{rel}","templated":true}]}}